{"id":37038,"date":"2025-12-22T11:44:08","date_gmt":"2025-12-22T10:44:08","guid":{"rendered":"https:\/\/le-repaire-du-cerf-guzet.com\/?page_id=37038"},"modified":"2025-12-29T21:01:11","modified_gmt":"2025-12-29T20:01:11","slug":"conditions-de-reservation","status":"publish","type":"page","link":"https:\/\/le-repaire-du-cerf-guzet.com\/index.php\/conditions-de-reservation\/","title":{"rendered":"Conditions de r\u00e9servation"},"content":{"rendered":"\n<h2 class=\"wp-block-heading\" id=\"conditions-de-rservation\"><strong>Votre r\u00e9servation ne sera effective qu&rsquo;apr\u00e8s r\u00e9ception par le propri\u00e9taire des documents suivants :<\/strong><\/h2>\n\n\n\n<ul class=\"wp-block-list\">\n<li>Le contrat de location sign\u00e9 ;<\/li>\n\n\n\n<li>L&rsquo;attestation d&rsquo;assurance responsabilit\u00e9 civile couvrant votre s\u00e9jour ;<\/li>\n\n\n\n<li>Le ch\u00e8que de caution non encaiss\u00e9 d&rsquo;un montant de 1 000 \u20ac, \u00e0 l&rsquo;ordre de <strong>Antoine Roturier<\/strong>.\u200b<\/li>\n<\/ul>\n\n\n\n<h2 class=\"wp-block-heading\" id=\"modalits-pratiques\">Modalit\u00e9s pratiques<\/h2>\n\n\n\n<p>Le contrat ainsi que l&rsquo;attestation peuvent nous \u00eatre envoy\u00e9 par courrier \u00e0 l&rsquo;adresse suivante : <strong>9 ter rue Jacques gamelin, 31000 Toulouse<\/strong>, par email : <a>lerepaireducerfguzet@gmail.com<\/a> ou sur le groupe whastapp que nous allons initier. Le ch\u00e8que de caution de 1000 \u20ac est \u00e0 envoyer par voies postale.<br><\/p>\n\n\n\n<h2 class=\"wp-block-heading\">D\u00e9pot de garantie<\/h2>\n\n\n\n<p>Le Locataire remettra au Bailleur, d\u00e8s la signature du bail ou au plus tard 30 jours avant la date d\u2019arriv\u00e9e dans les lieux, un ch\u00e8que de&nbsp;<strong>1 000 \u20ac<\/strong>&nbsp;\u00e0 titre de d\u00e9p\u00f4t de garantie. Ce d\u00e9p\u00f4t est destin\u00e9 \u00e0 couvrir les \u00e9ventuels d\u00e9g\u00e2ts caus\u00e9s aux biens lou\u00e9s&nbsp;<strong>et ne sera pas encaiss\u00e9<\/strong>.<\/p>\n\n\n\n<p>La restitution de ce d\u00e9p\u00f4t (ou la preuve de sa destruction) sera effectu\u00e9e dans un d\u00e9lai de 7 jours \u00e0 compter de la restitution des lieux, d\u00e9duction faite des \u00e9ventuelles d\u00e9penses n\u00e9cessaires \u00e0 la remise en \u00e9tat.<\/p>\n\n\n\n<p>Le Locataire s\u2019engage \u00e0 transmettre ce ch\u00e8que par voie postale \u00e0 l&rsquo;adresse suivante : Antoine ROTURIER et Rapha\u00eblle D\u00c9MERY, 9 ter rue Jacques Gamelin 31100 TOULOUSE<\/p>\n\n\n\n<p>Ce ch\u00e8que devra \u00eatre re\u00e7u au plus tard 30 jours avant la date d\u2019arriv\u00e9e dans les lieux.<\/p>\n\n\n\n<p>Le Bailleur s&rsquo;engage formellement \u00e0&nbsp;<strong>ne pas encaisser<\/strong>&nbsp;ce ch\u00e8que, sauf en cas de d\u00e9g\u00e2ts constat\u00e9s apr\u00e8s le d\u00e9part. En l&rsquo;absence de d\u00e9gradation, le ch\u00e8que sera&nbsp;<strong>d\u00e9truit<\/strong>&nbsp;avec envoi d&rsquo;une preuve \u00e0 l\u2019issue du s\u00e9jour.<\/p>\n\n\n\n<h2 class=\"wp-block-heading\">Assurance<\/h2>\n\n\n\n<p>Le Locataire s&rsquo;engage \u00e0 v\u00e9rifier que son propre contrat d\u2019assurance couvre les risques de la location saisonni\u00e8re (\u00ab garantie vill\u00e9giature \u00bb de l\u2019assurance multirisque habitation). Il s\u2019engage \u00e0 fournir un justificatif de cette assurance au bailleur 30 jours avant la date pr\u00e9vue d\u2019arriv\u00e9e. En cas de non pr\u00e9sentation de cette assurance, la r\u00e9servation sera annul\u00e9e\u00a0 et la totalit\u00e9 du montant du s\u00e9jour (acompte et solde) reste acquise au Bailleur<\/p>\n\n\n\n<h2 class=\"wp-block-heading\">Conditions d&rsquo;annulation<\/h2>\n\n\n\n<p>Le Locataire b\u00e9n\u00e9ficie des conditions d\u2019annulation suivantes :<\/p>\n\n\n\n<p>Remboursement int\u00e9gral :<\/p>\n\n\n\n<ul class=\"wp-block-list\">\n<li>Si l&rsquo;annulation intervient jusqu&rsquo;\u00e0<strong> 30 jours<\/strong> avant la date pr\u00e9vue d&rsquo;arriv\u00e9e.<\/li>\n\n\n\n<li><strong>OU<\/strong>, pour les r\u00e9servations effectu\u00e9es moins de 30 jours avant l&rsquo;arriv\u00e9e, si l&rsquo;annulation intervient dans les <strong>48 heures<\/strong> suivant la r\u00e9servation <strong>ET<\/strong> au moins <strong>15 jours<\/strong> avant la date d&rsquo;arriv\u00e9e.<\/li>\n<\/ul>\n\n\n\n<p><\/p>\n\n\n\n<p>Aucun remboursement :<\/p>\n\n\n\n<ul class=\"wp-block-list\">\n<li>Pass\u00e9 ces d\u00e9lais, l&rsquo;annulation ne donne lieu \u00e0 aucun remboursement. La totalit\u00e9 du montant du s\u00e9jour (acompte et solde) reste acquise au Bailleur.<\/li>\n\n\n\n<li>Non-pr\u00e9sentation : Si le Locataire ne se pr\u00e9sente pas le jour de l&rsquo;arriv\u00e9e sans avoir annul\u00e9 au pr\u00e9alable, l&rsquo;int\u00e9gralit\u00e9 du prix de la location reste due.<\/li>\n<\/ul>\n\n\n\n<h2 class=\"wp-block-heading\" id=\"clause-de-confirmation\">Clause de confirmation<\/h2>\n\n\n\n<p>La r\u00e9servation en ligne constitue une demande ferme, mais reste&nbsp;<strong>sous r\u00e9serve d&rsquo;acceptation d\u00e9finitive<\/strong>&nbsp;par le propri\u00e9taire apr\u00e8s v\u00e9rification des documents requis.<\/p>\n","protected":false},"excerpt":{"rendered":"<p>Votre r\u00e9servation ne sera effective qu&rsquo;apr\u00e8s r\u00e9ception par le propri\u00e9taire des documents suivants : Modalit\u00e9s pratiques Le contrat ainsi que l&rsquo;attestation peuvent nous \u00eatre envoy\u00e9 par courrier \u00e0 l&rsquo;adresse suivante : 9 ter rue Jacques gamelin, 31000 Toulouse, par email : lerepaireducerfguzet@gmail.com ou sur le groupe whastapp que nous allons initier. Le ch\u00e8que de caution &#8230;<\/p>\n","protected":false},"author":1,"featured_media":0,"parent":0,"menu_order":0,"comment_status":"closed","ping_status":"closed","template":"","meta":{"_seopress_robots_primary_cat":"","_seopress_titles_title":"","_seopress_titles_desc":"","_seopress_robots_index":"","inline_featured_image":false,"footnotes":""},"class_list":["post-37038","page","type-page","status-publish","hentry"],"_links":{"self":[{"href":"https:\/\/le-repaire-du-cerf-guzet.com\/index.php\/wp-json\/wp\/v2\/pages\/37038","targetHints":{"allow":["GET"]}}],"collection":[{"href":"https:\/\/le-repaire-du-cerf-guzet.com\/index.php\/wp-json\/wp\/v2\/pages"}],"about":[{"href":"https:\/\/le-repaire-du-cerf-guzet.com\/index.php\/wp-json\/wp\/v2\/types\/page"}],"author":[{"embeddable":true,"href":"https:\/\/le-repaire-du-cerf-guzet.com\/index.php\/wp-json\/wp\/v2\/users\/1"}],"replies":[{"embeddable":true,"href":"https:\/\/le-repaire-du-cerf-guzet.com\/index.php\/wp-json\/wp\/v2\/comments?post=37038"}],"version-history":[{"count":3,"href":"https:\/\/le-repaire-du-cerf-guzet.com\/index.php\/wp-json\/wp\/v2\/pages\/37038\/revisions"}],"predecessor-version":[{"id":37046,"href":"https:\/\/le-repaire-du-cerf-guzet.com\/index.php\/wp-json\/wp\/v2\/pages\/37038\/revisions\/37046"}],"wp:attachment":[{"href":"https:\/\/le-repaire-du-cerf-guzet.com\/index.php\/wp-json\/wp\/v2\/media?parent=37038"}],"curies":[{"name":"wp","href":"https:\/\/api.w.org\/{rel}","templated":true}]}}