{"id":356,"date":"2015-04-23T12:57:21","date_gmt":"2015-04-23T12:57:21","guid":{"rendered":"http:\/\/demo1.wprentals.org\/?page_id=356"},"modified":"2026-02-12T11:07:49","modified_gmt":"2026-02-12T10:07:49","slug":"terms-and-conditions","status":"publish","type":"page","link":"https:\/\/le-repaire-du-cerf-guzet.com\/index.php\/terms-and-conditions\/","title":{"rendered":"Conditions g\u00e9n\u00e9rales d&rsquo;utilisation"},"content":{"rendered":"<p>La pr\u00e9sente Politique de confidentialit\u00e9 r\u00e9git la mani\u00e8re dont le th\u00e8me WordPress WP Rentals collecte, utilise, conserve et divulgue les informations recueillies aupr\u00e8s des utilisateurs du site web https:\/\/le-repaire-du-cerf-guzet.com. Cette politique de confidentialit\u00e9 s&rsquo;applique au Site et \u00e0 tous les produits et services propos\u00e9s par le th\u00e8me WordPress WP Rental.<\/p>\n<p><strong>Informations d&rsquo;identification personnelle<\/strong><\/p>\n<p>Nous pouvons recueillir des informations d&rsquo;identification personnelle aupr\u00e8s des Utilisateurs de diff\u00e9rentes mani\u00e8res, notamment dans le cadre des activit\u00e9s, services, fonctionnalit\u00e9s ou ressources que nous mettons \u00e0 disposition sur notre Site. Les Utilisateurs peuvent visiter notre Site de mani\u00e8re anonyme. Nous ne recueillons des informations d&rsquo;identification personnelle aupr\u00e8s des Utilisateurs que si ces derniers nous les communiquent volontairement. Les Utilisateurs peuvent toujours refuser de fournir des informations d&rsquo;identification personnelle, mais ce refus peut les emp\u00eacher d&rsquo;acc\u00e9der \u00e0 certaines fonctionnalit\u00e9s du Site.<\/p>\n<p><strong>Informations d&rsquo;identification non personnelle<\/strong><\/p>\n<p>Nous pouvons recueillir des informations d&rsquo;identification non personnelle concernant les Utilisateurs lorsqu&rsquo;ils interagissent avec notre Site. Ces informations peuvent inclure le nom du navigateur, le type d&rsquo;ordinateur et des informations techniques relatives \u00e0 la connexion des Utilisateurs \u00e0 notre Site, telles que le syst\u00e8me d&rsquo;exploitation, le fournisseur d&rsquo;acc\u00e8s Internet et d&rsquo;autres informations similaires.<\/p>\n<p><strong>Cookies du navigateur Web<\/strong><\/p>\n<p>Notre site peut utiliser des \u00ab\u00a0cookies\u00a0\u00bb pour am\u00e9liorer votre exp\u00e9rience utilisateur. Votre navigateur Web place des cookies sur votre disque dur \u00e0 des fins d\u2019archivage et parfois pour collecter des informations vous concernant. Vous pouvez configurer votre navigateur Web pour refuser les cookies ou \u00eatre averti de leur envoi. Dans ce cas, veuillez noter que certaines parties du site pourraient ne pas fonctionner correctement.<\/p>\n<p><strong>Protection de vos informations<\/strong><\/p>\n<p>Nous adoptons des pratiques appropri\u00e9es de collecte, de stockage et de traitement des donn\u00e9es, ainsi que des mesures de s\u00e9curit\u00e9 pour prot\u00e9ger vos informations personnelles, votre nom d\u2019utilisateur, votre mot de passe, vos informations de transaction et les donn\u00e9es stock\u00e9es sur notre site contre tout acc\u00e8s, modification, divulgation ou destruction non autoris\u00e9s.<\/p>\n<p><strong>Partage de vos informations personnelles<\/strong><\/p>\n<p>Nous ne vendons, n\u2019\u00e9changeons ni ne louons vos informations d\u2019identification personnelle \u00e0 des tiers. Nous pouvons partager des informations d\u00e9mographiques agr\u00e9g\u00e9es et anonymis\u00e9es concernant les visiteurs et les utilisateurs avec nos partenaires commerciaux, nos affili\u00e9s de confiance et nos annonceurs aux fins d\u00e9crites ci-dessus.<\/p>\n<p><strong>Modifications de la pr\u00e9sente politique de confidentialit\u00e9<\/strong><\/p>\n<p>Le th\u00e8me WordPress Immobilier se r\u00e9serve le droit de mettre \u00e0 jour la pr\u00e9sente politique de confidentialit\u00e9 \u00e0 tout moment. Le cas \u00e9ch\u00e9ant, la date de derni\u00e8re mise \u00e0 jour figurera en bas de cette page. Nous encourageons les utilisateurs \u00e0 consulter r\u00e9guli\u00e8rement cette page afin de prendre connaissance des modifications apport\u00e9es \u00e0 la politique de confidentialit\u00e9 et de rester inform\u00e9s sur la mani\u00e8re dont nous prot\u00e9geons les informations personnelles que nous recueillons. Vous reconnaissez et acceptez qu&rsquo;il vous incombe de consulter p\u00e9riodiquement cette politique de confidentialit\u00e9 et de prendre connaissance des modifications qui y sont apport\u00e9es.<\/p>\n<p><strong>Votre acceptation des pr\u00e9sentes conditions<\/strong><\/p>\n<p>En utilisant ce site, vous acceptez la pr\u00e9sente politique. Si vous n&rsquo;acceptez pas cette politique, veuillez ne pas utiliser notre site. Le fait de continuer \u00e0 utiliser le site apr\u00e8s la publication de modifications apport\u00e9es \u00e0 cette politique vaudra acceptation de ces modifications.<\/p>\n","protected":false},"excerpt":{"rendered":"<p>La pr\u00e9sente Politique de confidentialit\u00e9 r\u00e9git la mani\u00e8re dont le th\u00e8me WordPress WP Rentals collecte, utilise, conserve et divulgue les informations recueillies aupr\u00e8s des utilisateurs du site web https:\/\/le-repaire-du-cerf-guzet.com. Cette politique de confidentialit\u00e9 s&rsquo;applique au Site et \u00e0 tous les produits et services propos\u00e9s par le th\u00e8me WordPress WP Rental. Informations d&rsquo;identification personnelle Nous pouvons &#8230;<\/p>\n","protected":false},"author":1,"featured_media":0,"parent":0,"menu_order":0,"comment_status":"closed","ping_status":"closed","template":"terms_conditions.php","meta":{"_seopress_robots_primary_cat":"","_seopress_titles_title":"","_seopress_titles_desc":"","_seopress_robots_index":"","inline_featured_image":false,"footnotes":""},"class_list":["post-356","page","type-page","status-publish","hentry"],"_links":{"self":[{"href":"https:\/\/le-repaire-du-cerf-guzet.com\/index.php\/wp-json\/wp\/v2\/pages\/356","targetHints":{"allow":["GET"]}}],"collection":[{"href":"https:\/\/le-repaire-du-cerf-guzet.com\/index.php\/wp-json\/wp\/v2\/pages"}],"about":[{"href":"https:\/\/le-repaire-du-cerf-guzet.com\/index.php\/wp-json\/wp\/v2\/types\/page"}],"author":[{"embeddable":true,"href":"https:\/\/le-repaire-du-cerf-guzet.com\/index.php\/wp-json\/wp\/v2\/users\/1"}],"replies":[{"embeddable":true,"href":"https:\/\/le-repaire-du-cerf-guzet.com\/index.php\/wp-json\/wp\/v2\/comments?post=356"}],"version-history":[{"count":1,"href":"https:\/\/le-repaire-du-cerf-guzet.com\/index.php\/wp-json\/wp\/v2\/pages\/356\/revisions"}],"predecessor-version":[{"id":37142,"href":"https:\/\/le-repaire-du-cerf-guzet.com\/index.php\/wp-json\/wp\/v2\/pages\/356\/revisions\/37142"}],"wp:attachment":[{"href":"https:\/\/le-repaire-du-cerf-guzet.com\/index.php\/wp-json\/wp\/v2\/media?parent=356"}],"curies":[{"name":"wp","href":"https:\/\/api.w.org\/{rel}","templated":true}]}}